{"id":921,"date":"2023-03-15T11:45:53","date_gmt":"2023-03-15T11:45:53","guid":{"rendered":"https:\/\/tzgt-api.locastic.com\/?page_id=921"},"modified":"2023-04-25T12:50:03","modified_gmt":"2023-04-25T12:50:03","slug":"masters","status":"publish","type":"page","link":"https:\/\/tzgt-api.locastic.com\/en\/masters\/","title":{"rendered":"Majstori (EN)"},"content":{"rendered":"","protected":false},"excerpt":{"rendered":"","protected":false},"author":1,"featured_media":0,"parent":0,"menu_order":0,"comment_status":"closed","ping_status":"closed","template":"\/var\/www\/tzgt-api.locastic.com\/source\/wordpress\/wp-content\/plugins\/tz-trogir-endpoint-customization\/inc\/inc\/templates\/masters-page-template.php","meta":{"footnotes":""},"class_list":["post-921","page","type-page","status-publish","hentry"],"acf":{"page_title":"Welcome to Trogir - the city of Masters!","page_sections":[{"title":"<p>Welcome to Trogir &#8211; the city of Masters!<\/p>\n","content":"<p>In its cobbled streets, Trogir preserves numerous traces of local and foregin masters that are just waiting to be discovered. Skilfully carved into the stone facades of the city, seemingly insignificant notches, dents, dashes, crescents, flowers, leaves and twigs, axes, blueprints and merels are revelated only to the keen eye of a curious observer. In these marks one can see all the richness of art and the joys of everyday life in Trogir.<\/p>\n<p>Signs or marks that the masters have left will never be forgotten. They bear witness to the fact that these people were not only creating here, as can be seen in their numerous works, but also that they were enjoying life here, as shown by various games carved around the Church of St. John Baptist and at the entrance of the Cathedral.<\/p>\n"},{"title":"<p style=\"text-align: center;\">Once we visit Trogir, we create the memories that we will always carry in our hearts.<\/p>\n","content":"<p style=\"text-align: center;\">Trogir is a unique example in the history of European architecture and it is the city with the largest number of such stone signs or marks in Europe. Each mark cariies its own meaning. Some of them mark the end of the construction, some of them represent the personal signature of the master and some are engraved votive prayers. The masters also carved games into stone, like chess and merels, that were used for entertainment during the construction break.<\/p>\n<p style=\"text-align: center;\">Descrete, but yet so powerful, these marks in stone can be seen on the facades and interior walls of the Cathedral of Saint Lawrence and Church of Saint John the Baptist.The marks of contemporary masters<\/p>\n"},{"title":"<p style=\"text-align: center;\">The marks of contemporary masters<\/p>\n","content":"<p style=\"text-align: center;\">The great tradition of mastery in Trogir is still preserved by contemporary masters of art, crafts and gastronomy.Their workshops reveal a completly different world, one that arouses curiosity ad fills you with a sense of happiness and contentment.<\/p>\n<p style=\"text-align: center;\">Contemporary painters, sculptors and stonemasons produce art that will be engraved in your heart forever. The masters who make rafiol, carob products of olive oil will offer you a unique tasting expirience, while the masters of leather, tailors and masters who make coral jewelry convey the spirit of the city all over the world.<\/p>\n<p style=\"text-align: center;\">Visit numerous taverns and restaurants with a diverse and imaginative gastronomic offer. Don&#8217;t forget to try traditional specialties, such as pa\u0161ticada and rafiol. The masters of rafiol create true artwork in this delicious dessert and you will fall in love with its unique taste.<\/p>\n"}],"story_section":[{"info":"3d B.C.","text":"Trogir was founded by Greek colonists"},{"info":"1064.","text":"St. Nicholas was founded; it is the only women's monastery in Trogir that is still in use."},{"info":"1240.","text":"Radovan's portal, monumental and unique work of the grat Croatian artist was copleted."},{"info":"1271.","text":"The first pharmacy in Europe was established in one of the houses on the main city square."},{"info":"End of 13th century","text":"City loggia was built, one of the most famous cultural sights in Trogir."},{"info":"1322.","text":"The first statute book of the city of Trogir was written"},{"info":"15th century","text":"Kamerlengo fortress was built."},{"info":"1938.","text":"Relief of Petar Berislavi\u0107 in the city loggia, work f Ivan Me\u0161trovi\u0107 was copleted."},{"info":"1997.","text":"Trogir was positioned on the list of Unesco's cultural heritage."}]},"translations":{"en":"masters","hr":"masters"},"yoast_head":"<!-- This site is optimized with the Yoast SEO plugin v20.5 - https:\/\/yoast.com\/wordpress\/plugins\/seo\/ -->\n<title>Majstori (EN) - Tourist Board Trogir<\/title>\n<meta name=\"robots\" content=\"noindex, follow, max-snippet:-1, max-image-preview:large, max-video-preview:-1\" \/>\n<meta property=\"og:locale\" content=\"en_US\" \/>\n<meta property=\"og:type\" content=\"article\" \/>\n<meta property=\"og:title\" content=\"Majstori (EN) - Tourist Board Trogir\" \/>\n<meta property=\"og:url\" content=\"https:\/\/tzgt-api.locastic.com\/en\/masters\/\" \/>\n<meta property=\"og:site_name\" content=\"Tourist Board Trogir\" \/>\n<meta property=\"article:publisher\" content=\"https:\/\/www.facebook.com\/visit.trogir\" \/>\n<meta property=\"article:modified_time\" content=\"2023-04-25T12:50:03+00:00\" \/>\n<meta name=\"twitter:card\" content=\"summary_large_image\" \/>\n<meta name=\"twitter:site\" content=\"@visit_trogir\" \/>\n<script type=\"application\/ld+json\" class=\"yoast-schema-graph\">{\"@context\":\"https:\/\/schema.org\",\"@graph\":[{\"@type\":\"WebPage\",\"@id\":\"https:\/\/tzgt-api.locastic.com\/en\/masters\/\",\"url\":\"https:\/\/tzgt-api.locastic.com\/en\/masters\/\",\"name\":\"Majstori (EN) - Tourist Board Trogir\",\"isPartOf\":{\"@id\":\"https:\/\/tzgt-api.locastic.com\/hr\/#website\"},\"datePublished\":\"2023-03-15T11:45:53+00:00\",\"dateModified\":\"2023-04-25T12:50:03+00:00\",\"breadcrumb\":{\"@id\":\"https:\/\/tzgt-api.locastic.com\/en\/masters\/#breadcrumb\"},\"inLanguage\":\"en-US\",\"potentialAction\":[{\"@type\":\"ReadAction\",\"target\":[\"https:\/\/tzgt-api.locastic.com\/en\/masters\/\"]}]},{\"@type\":\"BreadcrumbList\",\"@id\":\"https:\/\/tzgt-api.locastic.com\/en\/masters\/#breadcrumb\",\"itemListElement\":[{\"@type\":\"ListItem\",\"position\":1,\"name\":\"Home\",\"item\":\"https:\/\/tzgt-api.locastic.com\/hr\/\"},{\"@type\":\"ListItem\",\"position\":2,\"name\":\"Majstori (EN)\"}]},{\"@type\":\"WebSite\",\"@id\":\"https:\/\/tzgt-api.locastic.com\/hr\/#website\",\"url\":\"https:\/\/tzgt-api.locastic.com\/hr\/\",\"name\":\"Tourist Board Trogir\",\"description\":\"\",\"publisher\":{\"@id\":\"https:\/\/tzgt-api.locastic.com\/hr\/#organization\"},\"potentialAction\":[{\"@type\":\"SearchAction\",\"target\":{\"@type\":\"EntryPoint\",\"urlTemplate\":\"https:\/\/tzgt-api.locastic.com\/hr\/?s={search_term_string}\"},\"query-input\":\"required name=search_term_string\"}],\"inLanguage\":\"en-US\"},{\"@type\":\"Organization\",\"@id\":\"https:\/\/tzgt-api.locastic.com\/hr\/#organization\",\"name\":\"Tourist Board Trogir\",\"url\":\"https:\/\/tzgt-api.locastic.com\/hr\/\",\"logo\":{\"@type\":\"ImageObject\",\"inLanguage\":\"en-US\",\"@id\":\"https:\/\/tzgt-api.locastic.com\/hr\/#\/schema\/logo\/image\/\",\"url\":\"https:\/\/tzgt-api.locastic.com\/wp-content\/uploads\/2023\/03\/tzgt.jpg\",\"contentUrl\":\"https:\/\/tzgt-api.locastic.com\/wp-content\/uploads\/2023\/03\/tzgt.jpg\",\"width\":627,\"height\":636,\"caption\":\"Tourist Board Trogir\"},\"image\":{\"@id\":\"https:\/\/tzgt-api.locastic.com\/hr\/#\/schema\/logo\/image\/\"},\"sameAs\":[\"https:\/\/www.facebook.com\/visit.trogir\",\"https:\/\/twitter.com\/visit_trogir\"]}]}<\/script>\n<!-- \/ Yoast SEO plugin. -->","yoast_head_json":{"title":"Majstori (EN) - Tourist Board Trogir","robots":{"index":"noindex","follow":"follow","max-snippet":"max-snippet:-1","max-image-preview":"max-image-preview:large","max-video-preview":"max-video-preview:-1"},"og_locale":"en_US","og_type":"article","og_title":"Majstori (EN) - Tourist Board Trogir","og_url":"https:\/\/tzgt-api.locastic.com\/en\/masters\/","og_site_name":"Tourist Board Trogir","article_publisher":"https:\/\/www.facebook.com\/visit.trogir","article_modified_time":"2023-04-25T12:50:03+00:00","twitter_card":"summary_large_image","twitter_site":"@visit_trogir","schema":{"@context":"https:\/\/schema.org","@graph":[{"@type":"WebPage","@id":"https:\/\/tzgt-api.locastic.com\/en\/masters\/","url":"https:\/\/tzgt-api.locastic.com\/en\/masters\/","name":"Majstori (EN) - Tourist Board Trogir","isPartOf":{"@id":"https:\/\/tzgt-api.locastic.com\/hr\/#website"},"datePublished":"2023-03-15T11:45:53+00:00","dateModified":"2023-04-25T12:50:03+00:00","breadcrumb":{"@id":"https:\/\/tzgt-api.locastic.com\/en\/masters\/#breadcrumb"},"inLanguage":"en-US","potentialAction":[{"@type":"ReadAction","target":["https:\/\/tzgt-api.locastic.com\/en\/masters\/"]}]},{"@type":"BreadcrumbList","@id":"https:\/\/tzgt-api.locastic.com\/en\/masters\/#breadcrumb","itemListElement":[{"@type":"ListItem","position":1,"name":"Home","item":"https:\/\/tzgt-api.locastic.com\/hr\/"},{"@type":"ListItem","position":2,"name":"Majstori (EN)"}]},{"@type":"WebSite","@id":"https:\/\/tzgt-api.locastic.com\/hr\/#website","url":"https:\/\/tzgt-api.locastic.com\/hr\/","name":"Tourist Board Trogir","description":"","publisher":{"@id":"https:\/\/tzgt-api.locastic.com\/hr\/#organization"},"potentialAction":[{"@type":"SearchAction","target":{"@type":"EntryPoint","urlTemplate":"https:\/\/tzgt-api.locastic.com\/hr\/?s={search_term_string}"},"query-input":"required name=search_term_string"}],"inLanguage":"en-US"},{"@type":"Organization","@id":"https:\/\/tzgt-api.locastic.com\/hr\/#organization","name":"Tourist Board Trogir","url":"https:\/\/tzgt-api.locastic.com\/hr\/","logo":{"@type":"ImageObject","inLanguage":"en-US","@id":"https:\/\/tzgt-api.locastic.com\/hr\/#\/schema\/logo\/image\/","url":"https:\/\/tzgt-api.locastic.com\/wp-content\/uploads\/2023\/03\/tzgt.jpg","contentUrl":"https:\/\/tzgt-api.locastic.com\/wp-content\/uploads\/2023\/03\/tzgt.jpg","width":627,"height":636,"caption":"Tourist Board Trogir"},"image":{"@id":"https:\/\/tzgt-api.locastic.com\/hr\/#\/schema\/logo\/image\/"},"sameAs":["https:\/\/www.facebook.com\/visit.trogir","https:\/\/twitter.com\/visit_trogir"]}]}},"_links":{"self":[{"href":"https:\/\/tzgt-api.locastic.com\/en\/wp-json\/wp\/v2\/pages\/921","targetHints":{"allow":["GET"]}}],"collection":[{"href":"https:\/\/tzgt-api.locastic.com\/en\/wp-json\/wp\/v2\/pages"}],"about":[{"href":"https:\/\/tzgt-api.locastic.com\/en\/wp-json\/wp\/v2\/types\/page"}],"author":[{"embeddable":true,"href":"https:\/\/tzgt-api.locastic.com\/en\/wp-json\/wp\/v2\/users\/1"}],"replies":[{"embeddable":true,"href":"https:\/\/tzgt-api.locastic.com\/en\/wp-json\/wp\/v2\/comments?post=921"}],"version-history":[{"count":4,"href":"https:\/\/tzgt-api.locastic.com\/en\/wp-json\/wp\/v2\/pages\/921\/revisions"}],"predecessor-version":[{"id":1521,"href":"https:\/\/tzgt-api.locastic.com\/en\/wp-json\/wp\/v2\/pages\/921\/revisions\/1521"}],"wp:attachment":[{"href":"https:\/\/tzgt-api.locastic.com\/en\/wp-json\/wp\/v2\/media?parent=921"}],"curies":[{"name":"wp","href":"https:\/\/api.w.org\/{rel}","templated":true}]}}